{"id":534,"date":"2019-02-14T03:11:24","date_gmt":"2019-02-14T02:11:24","guid":{"rendered":"http:\/\/ersetic.nazwa.pl\/kashoki\/o-marce\/"},"modified":"2019-11-08T11:38:01","modified_gmt":"2019-11-08T10:38:01","slug":"about","status":"publish","type":"page","link":"http:\/\/kashoki.com\/en\/about\/","title":{"rendered":"About"},"content":{"rendered":"<p>[vc_row bg_type=&#8221;image&#8221; bg_image=&#8221;77&#8243; bg_image_type=&#8221;parallax&#8221; header_feature=&#8221;yes&#8221; padding_top=&#8221;15%&#8221; padding_bottom=&#8221;15%&#8221;][vc_column width=&#8221;1\/2&#8243;][\/vc_column][vc_column width=&#8221;1\/2&#8243;]<div class=\"grve-element grve-image grve-animated-item grve-fadeInUp grve-align-left\" style=\"\" data-delay=\"200\"><img width=\"596\" height=\"129\" src=\"http:\/\/kashoki.com\/wp-content\/uploads\/2019\/02\/Kashoki.png\" class=\"attachment-full size-full\" alt=\"\" loading=\"lazy\" srcset=\"http:\/\/kashoki.com\/wp-content\/uploads\/2019\/02\/Kashoki.png 596w, http:\/\/kashoki.com\/wp-content\/uploads\/2019\/02\/Kashoki-300x65.png 300w\" sizes=\"(max-width: 596px) 100vw, 596px\" \/><\/div>[\/vc_column][\/vc_row][vc_row][vc_column][vc_empty_space height=&#8221;30px&#8221; el_class=&#8221;disable-mob&#8221;][\/vc_column][\/vc_row][vc_row section_type=&#8221;fullwidth&#8221; equal_column_height=&#8221;middle-content&#8221; tablet_portrait_equal_column_height=&#8221;inherit&#8221;][vc_column width=&#8221;1\/2&#8243; el_class=&#8221;leftwin&#8221;][vc_empty_space height=&#8221;130px&#8221; el_class=&#8221;disable-mob&#8221;]<h1 class=\"grve-element grve-title grve-align-left grve-h1\" style=\"margin-bottom: 100px;\"><span>About Brand<\/span><\/h1>[vc_column_text]<\/p>\n<h2>Kash\u014dki is a collection of products whose multidimensional perfection changes the image and standards of beauty accessories into pieces of art.<\/h2>\n<p>[\/vc_column_text][vc_column_text]Kash\u014dki is a brand inspired by contradictory culture of Asia, art, fashion and architecture. It shows how beauty, refined style and excellent quality create the perfect combination. The result of these inspirations are unique makeup, hair and nail accessories, which transform everyday rituals into sensual pleasure.<\/p>\n<p>Kash\u014dki is a combination of highest quality materials, unobvious forms with geometric design and minimalism, sophistication with mystery, magic and excellence. Every detail matters and has been perfected to bring out the unique beauty and functionality of each product.[\/vc_column_text]<div class=\"grve-element grve-align-left\"><a href=\"http:\/\/kashoki.com\/en\/our-products\/\" class=\"grve-btn grve-btn-medium grve-square grve-bg-primary-2 grve-bg-hover-primary-3 grve-btn-line\"><span>OUR PRODUCTS<\/span><\/a><\/div>[\/vc_column][vc_column width=&#8221;1\/2&#8243;]<div class=\"grve-element grve-image grve-align-center\" style=\"\"><img width=\"765\" height=\"880\" src=\"http:\/\/kashoki.com\/wp-content\/uploads\/2019\/02\/01-About-Kashoki-min.jpg\" class=\"attachment-full size-full\" alt=\"\" loading=\"lazy\" srcset=\"http:\/\/kashoki.com\/wp-content\/uploads\/2019\/02\/01-About-Kashoki-min.jpg 765w, http:\/\/kashoki.com\/wp-content\/uploads\/2019\/02\/01-About-Kashoki-min-261x300.jpg 261w\" sizes=\"(max-width: 765px) 100vw, 765px\" \/><\/div>[\/vc_column][\/vc_row][vc_row][vc_column][vc_empty_space height=&#8221;100px&#8221; el_class=&#8221;disable-mob&#8221;][\/vc_column][\/vc_row][vc_row bg_type=&#8221;image&#8221; bg_image=&#8221;346&#8243; font_color=&#8221;#ffffff&#8221; padding_top=&#8221;120px&#8221; padding_bottom=&#8221;120px&#8221; margin_bottom=&#8221;0&#8243;][vc_column width=&#8221;2\/3&#8243;][vc_empty_space height=&#8221;50px&#8221; el_class=&#8221;disable-mob&#8221;]<div class=\"grve-element grve-image grve-align-left\" style=\"\"><img width=\"470\" height=\"300\" src=\"http:\/\/kashoki.com\/wp-content\/uploads\/2019\/11\/Made-by-ToolsForBeauty-white.png\" class=\"attachment-full size-full\" alt=\"\" loading=\"lazy\" srcset=\"http:\/\/kashoki.com\/wp-content\/uploads\/2019\/11\/Made-by-ToolsForBeauty-white.png 470w, http:\/\/kashoki.com\/wp-content\/uploads\/2019\/11\/Made-by-ToolsForBeauty-white-300x191.png 300w\" sizes=\"(max-width: 470px) 100vw, 470px\" \/><\/div>[vc_empty_space height=&#8221;30px&#8221; el_class=&#8221;disable-mob&#8221;][vc_column_text text_style=&#8221;leader-text&#8221; el_class=&#8221;black-subtitle&#8221;]<em><span style=\"color: #7d7d7d;\">Universal beauty does not exist, beauty in itself is the most universal quality.<\/span><\/em>[\/vc_column_text][vc_empty_space height=&#8221;50px&#8221; el_class=&#8221;disable-mob&#8221;][vc_column_text css=&#8221;.vc_custom_1551913056932{padding-right: 25% !important;}&#8221;]Tools For Beauty is a modern and responsible company which follows newest trends and listens to the customers\u2019 needs. It is a place where one can find innovative tools for makeup, hair and nail styling.<\/p>\n<p>Our passion for extraordinary and beautiful things has led us to create expectational, inspiring brands that cater to the needs of those who value great quality at reasonable prices, professional and premium customers. Our mission is to create one place, where both professional and retail customer can find products which meet their requirements. Always striving for perfection, we care equally for quality, design and functionality of our products.[\/vc_column_text]<div class=\"grve-element grve-align-left\"><a href=\"http:\/\/kashoki.com\/en\/contact\/\" class=\"grve-btn grve-btn-medium grve-square grve-bg-white grve-bg-hover-primary-4 grve-btn-line\"><span>CONTACT US<\/span><\/a><\/div>[vc_empty_space height=&#8221;150px&#8221; el_class=&#8221;disable-mob&#8221;][\/vc_column][vc_column width=&#8221;1\/3&#8243;][\/vc_column][\/vc_row][vc_row section_type=&#8221;fullwidth&#8221; footer_feature=&#8221;yes&#8221; margin_bottom=&#8221;0&#8243;][vc_column width=&#8221;1\/3&#8243; css=&#8221;.vc_custom_1551647579102{margin-bottom: 0px !important;padding-bottom: 0px !important;}&#8221;]<div class=\"grve-element grve-image grve-align-center\" style=\"margin-bottom: 0px;\"><img width=\"640\" height=\"720\" src=\"http:\/\/kashoki.com\/wp-content\/uploads\/2019\/02\/02-About-Kashoki-slider-image-min.jpg\" class=\"attachment-full size-full\" alt=\"\" loading=\"lazy\" srcset=\"http:\/\/kashoki.com\/wp-content\/uploads\/2019\/02\/02-About-Kashoki-slider-image-min.jpg 640w, http:\/\/kashoki.com\/wp-content\/uploads\/2019\/02\/02-About-Kashoki-slider-image-min-267x300.jpg 267w\" sizes=\"(max-width: 640px) 100vw, 640px\" \/><\/div>[\/vc_column][vc_column width=&#8221;2\/3&#8243;][rev_slider_vc alias=&#8221;o-marce&#8221; el_class=&#8221;no-margin&#8221;][\/vc_column][\/vc_row]<\/p>\n","protected":false},"excerpt":{"rendered":"<p>[vc_row bg_type=&#8221;image&#8221; bg_image=&#8221;77&#8243; bg_image_type=&#8221;parallax&#8221; header_feature=&#8221;yes&#8221; padding_top=&#8221;15%&#8221; padding_bottom=&#8221;15%&#8221;][vc_column width=&#8221;1\/2&#8243;][\/vc_column][vc_column width=&#8221;1\/2&#8243;][\/vc_column][\/vc_row][vc_row][vc_column][vc_empty_space height=&#8221;30px&#8221; el_class=&#8221;disable-mob&#8221;][\/vc_column][\/vc_row][vc_row section_type=&#8221;fullwidth&#8221; equal_column_height=&#8221;middle-content&#8221; tablet_portrait_equal_column_height=&#8221;inherit&#8221;][vc_column width=&#8221;1\/2&#8243; el_class=&#8221;leftwin&#8221;][vc_empty_space height=&#8221;130px&#8221; el_class=&#8221;disable-mob&#8221;][vc_column_text] Kash\u014dki is a collection of products whose multidimensional perfection changes the image and standards of beauty accessories into pieces of art. [\/vc_column_text][vc_column_text]Kash\u014dki is a brand inspired by contradictory culture of Asia, art, fashion and architecture. It shows [&hellip;]<\/p>\n","protected":false},"author":1,"featured_media":0,"parent":0,"menu_order":0,"comment_status":"closed","ping_status":"closed","template":"","meta":[],"yoast_head":"<!-- This site is optimized with the Yoast SEO plugin v15.6.2 - https:\/\/yoast.com\/wordpress\/plugins\/seo\/ -->\n<title>About | Kash\u014dki | Akcesoria premium do makija\u017cu oraz do w\u0142os\u00f3w i paznokci.<\/title>\n<meta name=\"robots\" content=\"index, follow, max-snippet:-1, max-image-preview:large, max-video-preview:-1\" \/>\n<link rel=\"canonical\" href=\"https:\/\/kashoki.com\/en\/about\/\" \/>\n<meta property=\"og:locale\" content=\"en_US\" \/>\n<meta property=\"og:type\" content=\"article\" \/>\n<meta property=\"og:title\" content=\"About | Kash\u014dki | Akcesoria premium do makija\u017cu oraz do w\u0142os\u00f3w i paznokci.\" \/>\n<meta property=\"og:description\" content=\"[vc_row bg_type=&#8221;image&#8221; bg_image=&#8221;77&#8243; bg_image_type=&#8221;parallax&#8221; header_feature=&#8221;yes&#8221; padding_top=&#8221;15%&#8221; padding_bottom=&#8221;15%&#8221;][vc_column width=&#8221;1\/2&#8243;][\/vc_column][vc_column width=&#8221;1\/2&#8243;][\/vc_column][\/vc_row][vc_row][vc_column][vc_empty_space height=&#8221;30px&#8221; el_class=&#8221;disable-mob&#8221;][\/vc_column][\/vc_row][vc_row section_type=&#8221;fullwidth&#8221; equal_column_height=&#8221;middle-content&#8221; tablet_portrait_equal_column_height=&#8221;inherit&#8221;][vc_column width=&#8221;1\/2&#8243; el_class=&#8221;leftwin&#8221;][vc_empty_space height=&#8221;130px&#8221; el_class=&#8221;disable-mob&#8221;][vc_column_text] Kash\u014dki is a collection of products whose multidimensional perfection changes the image and standards of beauty accessories into pieces of art. [\/vc_column_text][vc_column_text]Kash\u014dki is a brand inspired by contradictory culture of Asia, art, fashion and architecture. It shows [&hellip;]\" \/>\n<meta property=\"og:url\" content=\"https:\/\/kashoki.com\/en\/about\/\" \/>\n<meta property=\"og:site_name\" content=\"Kash\u014dki | Akcesoria premium do makija\u017cu oraz do w\u0142os\u00f3w i paznokci.\" \/>\n<meta property=\"article:modified_time\" content=\"2019-11-08T10:38:01+00:00\" \/>\n<meta property=\"og:image\" content=\"http:\/\/kashoki.com\/wp-content\/uploads\/2019\/04\/Kashoki-brand.jpg\" \/>\n\t<meta property=\"og:image:width\" content=\"1200\" \/>\n\t<meta property=\"og:image:height\" content=\"630\" \/>\n<meta name=\"twitter:card\" content=\"summary_large_image\" \/>\n<meta name=\"twitter:label1\" content=\"Est. reading time\">\n\t<meta name=\"twitter:data1\" content=\"3 minutes\">\n<script type=\"application\/ld+json\" class=\"yoast-schema-graph\">{\"@context\":\"https:\/\/schema.org\",\"@graph\":[{\"@type\":\"Organization\",\"@id\":\"https:\/\/kashoki.com\/en\/#organization\",\"name\":\"Kash\\u014dki | Akcesoria premium do makija\\u017cu oraz do w\\u0142os\\u00f3w i paznokci.\",\"url\":\"https:\/\/kashoki.com\/en\/\",\"sameAs\":[\"https:\/\/www.instagram.com\/kashoki_beauty\/\"],\"logo\":{\"@type\":\"ImageObject\",\"@id\":\"https:\/\/kashoki.com\/en\/#logo\",\"inLanguage\":\"en-US\",\"url\":\"http:\/\/kashoki.com\/wp-content\/uploads\/2019\/04\/Kashoki-brand.jpg\",\"width\":1200,\"height\":630,\"caption\":\"Kash\\u014dki | Akcesoria premium do makija\\u017cu oraz do w\\u0142os\\u00f3w i paznokci.\"},\"image\":{\"@id\":\"https:\/\/kashoki.com\/en\/#logo\"}},{\"@type\":\"WebSite\",\"@id\":\"https:\/\/kashoki.com\/en\/#website\",\"url\":\"https:\/\/kashoki.com\/en\/\",\"name\":\"Kash\\u014dki | Akcesoria premium do makija\\u017cu oraz do w\\u0142os\\u00f3w i paznokci.\",\"description\":\"\",\"publisher\":{\"@id\":\"https:\/\/kashoki.com\/en\/#organization\"},\"potentialAction\":[{\"@type\":\"SearchAction\",\"target\":\"https:\/\/kashoki.com\/en\/?s={search_term_string}\",\"query-input\":\"required name=search_term_string\"}],\"inLanguage\":\"en-US\"},{\"@type\":\"WebPage\",\"@id\":\"https:\/\/kashoki.com\/en\/about\/#webpage\",\"url\":\"https:\/\/kashoki.com\/en\/about\/\",\"name\":\"About | Kash\\u014dki | Akcesoria premium do makija\\u017cu oraz do w\\u0142os\\u00f3w i paznokci.\",\"isPartOf\":{\"@id\":\"https:\/\/kashoki.com\/en\/#website\"},\"datePublished\":\"2019-02-14T02:11:24+00:00\",\"dateModified\":\"2019-11-08T10:38:01+00:00\",\"inLanguage\":\"en-US\",\"potentialAction\":[{\"@type\":\"ReadAction\",\"target\":[\"https:\/\/kashoki.com\/en\/about\/\"]}]}]}<\/script>\n<!-- \/ Yoast SEO plugin. -->","_links":{"self":[{"href":"http:\/\/kashoki.com\/en\/wp-json\/wp\/v2\/pages\/534"}],"collection":[{"href":"http:\/\/kashoki.com\/en\/wp-json\/wp\/v2\/pages"}],"about":[{"href":"http:\/\/kashoki.com\/en\/wp-json\/wp\/v2\/types\/page"}],"author":[{"embeddable":true,"href":"http:\/\/kashoki.com\/en\/wp-json\/wp\/v2\/users\/1"}],"replies":[{"embeddable":true,"href":"http:\/\/kashoki.com\/en\/wp-json\/wp\/v2\/comments?post=534"}],"version-history":[{"count":5,"href":"http:\/\/kashoki.com\/en\/wp-json\/wp\/v2\/pages\/534\/revisions"}],"predecessor-version":[{"id":860,"href":"http:\/\/kashoki.com\/en\/wp-json\/wp\/v2\/pages\/534\/revisions\/860"}],"wp:attachment":[{"href":"http:\/\/kashoki.com\/en\/wp-json\/wp\/v2\/media?parent=534"}],"curies":[{"name":"wp","href":"https:\/\/api.w.org\/{rel}","templated":true}]}}