{"id":638,"date":"2019-02-14T03:11:42","date_gmt":"2019-02-14T02:11:42","guid":{"rendered":"http:\/\/ersetic.nazwa.pl\/kashoki\/gdzie-kupic\/"},"modified":"2023-12-07T14:20:18","modified_gmt":"2023-12-07T13:20:18","slug":"where-to-buy","status":"publish","type":"page","link":"http:\/\/kashoki.com\/en\/where-to-buy\/","title":{"rendered":"Where to buy"},"content":{"rendered":"<p>[vc_row bg_type=&#8221;image&#8221; bg_image=&#8221;90&#8243; bg_image_type=&#8221;parallax&#8221; header_feature=&#8221;yes&#8221; padding_top=&#8221;15%&#8221; padding_bottom=&#8221;15%&#8221;][vc_column width=&#8221;1\/2&#8243;][\/vc_column][vc_column width=&#8221;1\/2&#8243;]<div class=\"grve-element grve-image grve-animated-item grve-fadeInUp grve-align-left\" style=\"\" data-delay=\"200\"><img width=\"770\" height=\"170\" src=\"http:\/\/kashoki.com\/wp-content\/uploads\/2019\/03\/wheretobuyen.png\" class=\"attachment-full size-full\" alt=\"\" loading=\"lazy\" srcset=\"http:\/\/kashoki.com\/wp-content\/uploads\/2019\/03\/wheretobuyen.png 770w, http:\/\/kashoki.com\/wp-content\/uploads\/2019\/03\/wheretobuyen-300x66.png 300w, http:\/\/kashoki.com\/wp-content\/uploads\/2019\/03\/wheretobuyen-768x170.png 768w\" sizes=\"(max-width: 770px) 100vw, 770px\" \/><\/div>[\/vc_column][\/vc_row][vc_row][vc_column][vc_empty_space height=&#8221;100px&#8221; el_class=&#8221;disable-mob&#8221;][\/vc_column][\/vc_row][vc_row desktop_visibility=&#8221;hide&#8221; tablet_visibility=&#8221;hide&#8221; tablet_sm_visibility=&#8221;hide&#8221; mobile_visibility=&#8221;hide&#8221;][vc_column][vc_column_text]<\/p>\n<h2 style=\"text-align: center;\">You can get products directly<br \/>\nfrom our partners<\/h2>\n<p>[\/vc_column_text][vc_empty_space height=&#8221;150px&#8221; el_class=&#8221;disable-mob&#8221;][\/vc_column][\/vc_row][vc_row][vc_column width=&#8221;1\/3&#8243; desktop_hide=&#8221;hide&#8221; tablet_width=&#8221;hide&#8221; tablet_sm_width=&#8221;hide&#8221; mobile_width=&#8221;hide&#8221;]<div class=\"grve-element grve-image grve-align-center\" style=\"\"><a href=\"https:\/\/toolsforbeauty.eu\/\" target=\"_blank\" class=\" \"><img width=\"308\" height=\"130\" src=\"http:\/\/kashoki.com\/wp-content\/uploads\/2019\/03\/ToolsForBeauty.png\" class=\"attachment-full size-full\" alt=\"\" loading=\"lazy\" srcset=\"http:\/\/kashoki.com\/wp-content\/uploads\/2019\/03\/ToolsForBeauty.png 308w, http:\/\/kashoki.com\/wp-content\/uploads\/2019\/03\/ToolsForBeauty-300x127.png 300w\" sizes=\"(max-width: 308px) 100vw, 308px\" \/><\/a><\/div><div class=\"grve-element grve-align-center shop-btn\"><a href=\"https:\/\/toolsforbeauty.eu\/\" target=\"_blank\" class=\"grve-btn grve-btn-medium grve-square grve-bg-primary-2 grve-bg-hover-primary-3 grve-btn-line\"><span>GO TO SHOP<\/span><\/a><\/div>[\/vc_column][vc_column width=&#8221;1\/3&#8243;]<div class=\"grve-element grve-image grve-align-center\" style=\"\"><a href=\"https:\/\/trena.pl\/\" target=\"_blank\" class=\" \"><img width=\"308\" height=\"130\" src=\"http:\/\/kashoki.com\/wp-content\/uploads\/2019\/03\/Trena.png\" class=\"attachment-full size-full\" alt=\"\" loading=\"lazy\" srcset=\"http:\/\/kashoki.com\/wp-content\/uploads\/2019\/03\/Trena.png 308w, http:\/\/kashoki.com\/wp-content\/uploads\/2019\/03\/Trena-300x127.png 300w\" sizes=\"(max-width: 308px) 100vw, 308px\" \/><\/a><\/div><div class=\"grve-element grve-align-center shop-btn\"><a href=\"https:\/\/trena.pl\/\" target=\"_blank\" class=\"grve-btn grve-btn-medium grve-square grve-bg-primary-2 grve-bg-hover-primary-3 grve-btn-line\"><span>GO TO SHOP<\/span><\/a><\/div>[\/vc_column][vc_column width=&#8221;1\/3&#8243; desktop_hide=&#8221;hide&#8221; tablet_width=&#8221;hide&#8221; tablet_sm_width=&#8221;hide&#8221; mobile_width=&#8221;hide&#8221;]<div class=\"grve-element grve-image grve-align-center\" style=\"\"><a href=\"https:\/\/i-styl.pl\/\" target=\"_blank\" class=\" \"><img width=\"200\" height=\"133\" src=\"http:\/\/kashoki.com\/wp-content\/uploads\/2019\/03\/istyl-logo-s.png\" class=\"attachment-full size-full\" alt=\"\" loading=\"lazy\" \/><\/a><\/div><div class=\"grve-element grve-align-center shop-btn\"><a href=\"https:\/\/i-styl.pl\/\" target=\"_blank\" class=\"grve-btn grve-btn-medium grve-square grve-bg-primary-2 grve-bg-hover-primary-3 grve-btn-line\"><span>GO TO SHOP<\/span><\/a><\/div>[\/vc_column][\/vc_row][vc_row][vc_column][vc_empty_space height=&#8221;70px&#8221; el_class=&#8221;disable-mob&#8221;][\/vc_column][\/vc_row]<\/p>\n","protected":false},"excerpt":{"rendered":"<p>[vc_row bg_type=&#8221;image&#8221; bg_image=&#8221;90&#8243; bg_image_type=&#8221;parallax&#8221; header_feature=&#8221;yes&#8221; padding_top=&#8221;15%&#8221; padding_bottom=&#8221;15%&#8221;][vc_column width=&#8221;1\/2&#8243;][\/vc_column][vc_column width=&#8221;1\/2&#8243;][\/vc_column][\/vc_row][vc_row][vc_column][vc_empty_space height=&#8221;100px&#8221; el_class=&#8221;disable-mob&#8221;][\/vc_column][\/vc_row][vc_row desktop_visibility=&#8221;hide&#8221; tablet_visibility=&#8221;hide&#8221; tablet_sm_visibility=&#8221;hide&#8221; mobile_visibility=&#8221;hide&#8221;][vc_column][vc_column_text] You can get products directly from our partners [\/vc_column_text][vc_empty_space height=&#8221;150px&#8221; el_class=&#8221;disable-mob&#8221;][\/vc_column][\/vc_row][vc_row][vc_column width=&#8221;1\/3&#8243; desktop_hide=&#8221;hide&#8221; tablet_width=&#8221;hide&#8221; tablet_sm_width=&#8221;hide&#8221; mobile_width=&#8221;hide&#8221;][\/vc_column][vc_column width=&#8221;1\/3&#8243;][\/vc_column][vc_column width=&#8221;1\/3&#8243; desktop_hide=&#8221;hide&#8221; tablet_width=&#8221;hide&#8221; tablet_sm_width=&#8221;hide&#8221; mobile_width=&#8221;hide&#8221;][\/vc_column][\/vc_row][vc_row][vc_column][vc_empty_space height=&#8221;70px&#8221; el_class=&#8221;disable-mob&#8221;][\/vc_column][\/vc_row]<\/p>\n","protected":false},"author":1,"featured_media":0,"parent":0,"menu_order":0,"comment_status":"closed","ping_status":"closed","template":"","meta":[],"yoast_head":"<!-- This site is optimized with the Yoast SEO plugin v15.6.2 - https:\/\/yoast.com\/wordpress\/plugins\/seo\/ -->\n<title>Where to buy | Kash\u014dki | Akcesoria premium do makija\u017cu oraz do w\u0142os\u00f3w i paznokci.<\/title>\n<meta name=\"robots\" content=\"index, follow, max-snippet:-1, max-image-preview:large, max-video-preview:-1\" \/>\n<link rel=\"canonical\" href=\"http:\/\/kashoki.com\/en\/where-to-buy\/\" \/>\n<meta property=\"og:locale\" content=\"en_US\" \/>\n<meta property=\"og:type\" content=\"article\" \/>\n<meta property=\"og:title\" content=\"Where to buy | Kash\u014dki | Akcesoria premium do makija\u017cu oraz do w\u0142os\u00f3w i paznokci.\" \/>\n<meta property=\"og:description\" content=\"[vc_row bg_type=&#8221;image&#8221; bg_image=&#8221;90&#8243; bg_image_type=&#8221;parallax&#8221; header_feature=&#8221;yes&#8221; padding_top=&#8221;15%&#8221; padding_bottom=&#8221;15%&#8221;][vc_column width=&#8221;1\/2&#8243;][\/vc_column][vc_column width=&#8221;1\/2&#8243;][\/vc_column][\/vc_row][vc_row][vc_column][vc_empty_space height=&#8221;100px&#8221; el_class=&#8221;disable-mob&#8221;][\/vc_column][\/vc_row][vc_row desktop_visibility=&#8221;hide&#8221; tablet_visibility=&#8221;hide&#8221; tablet_sm_visibility=&#8221;hide&#8221; mobile_visibility=&#8221;hide&#8221;][vc_column][vc_column_text] You can get products directly from our partners [\/vc_column_text][vc_empty_space height=&#8221;150px&#8221; el_class=&#8221;disable-mob&#8221;][\/vc_column][\/vc_row][vc_row][vc_column width=&#8221;1\/3&#8243; desktop_hide=&#8221;hide&#8221; tablet_width=&#8221;hide&#8221; tablet_sm_width=&#8221;hide&#8221; mobile_width=&#8221;hide&#8221;][\/vc_column][vc_column width=&#8221;1\/3&#8243;][\/vc_column][vc_column width=&#8221;1\/3&#8243; desktop_hide=&#8221;hide&#8221; tablet_width=&#8221;hide&#8221; tablet_sm_width=&#8221;hide&#8221; mobile_width=&#8221;hide&#8221;][\/vc_column][\/vc_row][vc_row][vc_column][vc_empty_space height=&#8221;70px&#8221; el_class=&#8221;disable-mob&#8221;][\/vc_column][\/vc_row]\" \/>\n<meta property=\"og:url\" content=\"http:\/\/kashoki.com\/en\/where-to-buy\/\" \/>\n<meta property=\"og:site_name\" content=\"Kash\u014dki | Akcesoria premium do makija\u017cu oraz do w\u0142os\u00f3w i paznokci.\" \/>\n<meta property=\"article:modified_time\" content=\"2023-12-07T13:20:18+00:00\" \/>\n<meta property=\"og:image\" content=\"http:\/\/kashoki.com\/wp-content\/uploads\/2019\/04\/Kashoki-brand.jpg\" \/>\n\t<meta property=\"og:image:width\" content=\"1200\" \/>\n\t<meta property=\"og:image:height\" content=\"630\" \/>\n<meta name=\"twitter:card\" content=\"summary_large_image\" \/>\n<meta name=\"twitter:label1\" content=\"Est. reading time\">\n\t<meta name=\"twitter:data1\" content=\"1 minute\">\n<script type=\"application\/ld+json\" class=\"yoast-schema-graph\">{\"@context\":\"https:\/\/schema.org\",\"@graph\":[{\"@type\":\"Organization\",\"@id\":\"http:\/\/kashoki.com\/#organization\",\"name\":\"Kash\\u014dki | Akcesoria premium do makija\\u017cu oraz do w\\u0142os\\u00f3w i paznokci.\",\"url\":\"http:\/\/kashoki.com\/\",\"sameAs\":[\"https:\/\/www.instagram.com\/kashoki_beauty\/\"],\"logo\":{\"@type\":\"ImageObject\",\"@id\":\"http:\/\/kashoki.com\/#logo\",\"inLanguage\":\"en-US\",\"url\":\"http:\/\/kashoki.com\/wp-content\/uploads\/2019\/04\/Kashoki-brand.jpg\",\"width\":1200,\"height\":630,\"caption\":\"Kash\\u014dki | Akcesoria premium do makija\\u017cu oraz do w\\u0142os\\u00f3w i paznokci.\"},\"image\":{\"@id\":\"http:\/\/kashoki.com\/#logo\"}},{\"@type\":\"WebSite\",\"@id\":\"http:\/\/kashoki.com\/#website\",\"url\":\"http:\/\/kashoki.com\/\",\"name\":\"Kash\\u014dki | Akcesoria premium do makija\\u017cu oraz do w\\u0142os\\u00f3w i paznokci.\",\"description\":\"\",\"publisher\":{\"@id\":\"http:\/\/kashoki.com\/#organization\"},\"potentialAction\":[{\"@type\":\"SearchAction\",\"target\":\"http:\/\/kashoki.com\/?s={search_term_string}\",\"query-input\":\"required name=search_term_string\"}],\"inLanguage\":\"en-US\"},{\"@type\":\"WebPage\",\"@id\":\"http:\/\/kashoki.com\/en\/where-to-buy\/#webpage\",\"url\":\"http:\/\/kashoki.com\/en\/where-to-buy\/\",\"name\":\"Where to buy | Kash\\u014dki | Akcesoria premium do makija\\u017cu oraz do w\\u0142os\\u00f3w i paznokci.\",\"isPartOf\":{\"@id\":\"http:\/\/kashoki.com\/#website\"},\"datePublished\":\"2019-02-14T02:11:42+00:00\",\"dateModified\":\"2023-12-07T13:20:18+00:00\",\"inLanguage\":\"en-US\",\"potentialAction\":[{\"@type\":\"ReadAction\",\"target\":[\"http:\/\/kashoki.com\/en\/where-to-buy\/\"]}]}]}<\/script>\n<!-- \/ Yoast SEO plugin. -->","_links":{"self":[{"href":"http:\/\/kashoki.com\/en\/wp-json\/wp\/v2\/pages\/638"}],"collection":[{"href":"http:\/\/kashoki.com\/en\/wp-json\/wp\/v2\/pages"}],"about":[{"href":"http:\/\/kashoki.com\/en\/wp-json\/wp\/v2\/types\/page"}],"author":[{"embeddable":true,"href":"http:\/\/kashoki.com\/en\/wp-json\/wp\/v2\/users\/1"}],"replies":[{"embeddable":true,"href":"http:\/\/kashoki.com\/en\/wp-json\/wp\/v2\/comments?post=638"}],"version-history":[{"count":6,"href":"http:\/\/kashoki.com\/en\/wp-json\/wp\/v2\/pages\/638\/revisions"}],"predecessor-version":[{"id":956,"href":"http:\/\/kashoki.com\/en\/wp-json\/wp\/v2\/pages\/638\/revisions\/956"}],"wp:attachment":[{"href":"http:\/\/kashoki.com\/en\/wp-json\/wp\/v2\/media?parent=638"}],"curies":[{"name":"wp","href":"https:\/\/api.w.org\/{rel}","templated":true}]}}